{"id":45,"date":"2012-06-21T18:34:39","date_gmt":"2012-06-21T16:34:39","guid":{"rendered":"http:\/\/www.schamti.de\/?page_id=45"},"modified":"2013-03-21T01:44:41","modified_gmt":"2013-03-21T00:44:41","slug":"mayc","status":"publish","type":"page","link":"https:\/\/www.schamti.de\/?page_id=45","title":{"rendered":"Mayc"},"content":{"rendered":"<p>Nun hat sich doch jemand gefunden der sich f\u00fcr mich und meine Person interessiert. Nun denn, dann will ich mal nicht so sein und Dich nicht entt\u00e4uschen.<\/p>\n<p>Wenn ich meiner Mutter glauben darf, und das darf ich sicherlich, dann wurde ich an einem kalten Wintermorgen im Jahre 1969 geboren. Ich hatte es wohl ziemlich eilig in diese kalte Welt zu kommen. Eine Eigenschaft die ich heute noch an mir finde, immer alles sofort und immer mit dem Kopf durch die Wand. Typisch Steinbock eben.<\/p>\n<p>Was meinen Namen anbelangt so habe ich zwei Varianten die erkl\u00e4ren wie es zu dieser, doch zugegebenerma\u00dfen, seltsamen Schreibweise kommt. Meine Mutter sagt: Der Vater war&#8217;s, der hatte schon immer einen Faible f\u00fcr au\u00dfergew\u00f6hnliche Dinge. Mein Vater sagt: Der Standesbeamte war&#8217;s, der hat sich verschrieben. Nun denn, ich hab&#8217;s aufgegeben dar\u00fcber nachzugr\u00fcbeln, ich nehm&#8217;s hin. Ist ja auch sch\u00f6n einen unverwechselbaren Namen zu haben.<\/p>\n<p>Um nicht zu sehr abzuschweifen \u00fcberspringen wir die Zeit zwischen meiner fr\u00fchkindlichen Entwicklung und der Jetztzeit, denn das h\u00e4lt zum einen nur auf und zum anderen soll hier ja keine Biografie entstehen.<\/p>\n<p>Womit verbringe ich heute meine Zeit? Da w\u00e4re zum einen mein Beruf, mitunter l\u00e4stig wie jeder, aber alles in allem mein pers\u00f6nlicher Traumjob, den zu finden einige Zeit in Anspruch genommen hat. Zum anderen meine Freizeit, wenn ich sie denn mal habe. Die verbringe ich meist au\u00dferhalb der eigenen vier W\u00e4nde. Mal auf dem Motorrad (wobei wir da wieder beim schnellen w\u00e4ren) oder aber auch sehr viel im Tabu. Einem kleinen aber feinen Club hier bei uns in der Stadt. Dort bin ich als DJ, an der Kasse oder aber als Gast anzutreffen. Mittlerweile mein zweites Wohnzimmer.<\/p>\n<p>Bleibt dann noch etwas Zeit \u00fcbrig, dann bin ich mit unserer Kamera unterwegs zum fotografieren. Mehr dazu aber an anderer Stelle.<\/p>\n","protected":false},"excerpt":{"rendered":"<p>Nun hat sich doch jemand gefunden der sich f\u00fcr mich und meine Person interessiert. Nun denn, dann will ich mal nicht so sein und Dich nicht entt\u00e4uschen. Wenn ich meiner Mutter glauben darf, und das darf ich sicherlich, dann wurde ich an einem kalten Wintermorgen im Jahre 1969 geboren. Ich hatte es wohl ziemlich eilig [&hellip;]<\/p>\n","protected":false},"author":2,"featured_media":0,"parent":0,"menu_order":1,"comment_status":"open","ping_status":"open","template":"","meta":{"ngg_post_thumbnail":0,"footnotes":""},"class_list":["post-45","page","type-page","status-publish","hentry"],"_links":{"self":[{"href":"https:\/\/www.schamti.de\/index.php?rest_route=\/wp\/v2\/pages\/45","targetHints":{"allow":["GET"]}}],"collection":[{"href":"https:\/\/www.schamti.de\/index.php?rest_route=\/wp\/v2\/pages"}],"about":[{"href":"https:\/\/www.schamti.de\/index.php?rest_route=\/wp\/v2\/types\/page"}],"author":[{"embeddable":true,"href":"https:\/\/www.schamti.de\/index.php?rest_route=\/wp\/v2\/users\/2"}],"replies":[{"embeddable":true,"href":"https:\/\/www.schamti.de\/index.php?rest_route=%2Fwp%2Fv2%2Fcomments&post=45"}],"version-history":[{"count":16,"href":"https:\/\/www.schamti.de\/index.php?rest_route=\/wp\/v2\/pages\/45\/revisions"}],"predecessor-version":[{"id":150,"href":"https:\/\/www.schamti.de\/index.php?rest_route=\/wp\/v2\/pages\/45\/revisions\/150"}],"wp:attachment":[{"href":"https:\/\/www.schamti.de\/index.php?rest_route=%2Fwp%2Fv2%2Fmedia&parent=45"}],"curies":[{"name":"wp","href":"https:\/\/api.w.org\/{rel}","templated":true}]}}